{"id":271,"date":"2023-02-17T00:00:03","date_gmt":"2023-02-16T23:00:03","guid":{"rendered":"https:\/\/wordpress2364307.home.pl\/ebtr\/?page_id=271"},"modified":"2024-07-26T00:10:52","modified_gmt":"2024-07-25T22:10:52","slug":"promocja-facom","status":"publish","type":"page","link":"https:\/\/ebtr.pl\/index.php\/promocja-facom\/","title":{"rendered":"Promocja"},"content":{"rendered":"\n<h2 class=\"wp-block-heading\">Katalog, oraz broszury promocyjne Akcja Facom 2024\/25<\/h2>\n\n\n\n<p><code><div class=\"_df_book df-lite\" id=\"df_272\"  _slug=\"katalog-2023\" data-title=\"katalog-2024-25\" wpoptions=\"true\" thumb=\"https:\/\/ebtr.pl\/wp-content\/uploads\/2023\/02\/1L-1.png\" thumbtype=\"\" ><\/div><script class=\"df-shortcode-script\" type=\"application\/javascript\">window.option_df_272 = {\"outline\":[],\"autoEnableOutline\":\"false\",\"autoEnableThumbnail\":\"false\",\"overwritePDFOutline\":\"false\",\"direction\":\"1\",\"pageSize\":\"0\",\"source\":\"https:\\\/\\\/ebtr.pl\\\/wp-content\\\/uploads\\\/2023\\\/02\\\/Facom_akcja_24_25.pdf\",\"wpOptions\":\"true\"}; if(window.DFLIP && window.DFLIP.parseBooks){window.DFLIP.parseBooks();}<\/script><\/code><\/p>\n\n\n\n<div class=\"wp-block-uagb-separator uagb-block-099d1c78\"><div class=\"wp-block-uagb-separator__inner\" style=\"--my-background-image:\"><\/div><\/div>\n\n\n\n<div class=\"wp-block-uagb-container uagb-block-c895e7c3 alignfull uagb-is-root-container\"><div class=\"uagb-container-inner-blocks-wrap\">\n<div class=\"wp-block-uagb-container uagb-block-40d8188a\">\n<div class=\"wp-block-uagb-advanced-heading uagb-block-72fe7594\"><h2 class=\"uagb-heading-text\">Promocja Facom &#8211; Broszury\/Katalogi do pobrania PDF<\/h2><\/div>\n\n\n\n<div class=\"wp-block-uagb-container uagb-block-4814e469\">\n<div class=\"wp-block-uagb-container uagb-block-66b9b498\">\n<div class=\"wp-block-uagb-container uagb-block-6453ce39\">\n<div class=\"wp-block-uagb-image aligncenter uagb-block-e4042320 wp-block-uagb-image--layout-default wp-block-uagb-image--effect-static wp-block-uagb-image--align-center\"><figure class=\"wp-block-uagb-image__figure\"><a class=\"\" href=\"https:\/\/ebtr.pl\/wp-content\/uploads\/2023\/02\/Facom_akcja_24_25.pdf\" target=\"\" rel=\"noopener\"><img decoding=\"async\" srcset=\"https:\/\/ebtr.pl\/wp-content\/uploads\/2024\/07\/a2425.jpg ,https:\/\/ebtr.pl\/wp-content\/uploads\/2024\/07\/a2425.jpg 780w, https:\/\/ebtr.pl\/wp-content\/uploads\/2024\/07\/a2425.jpg 360w\" sizes=\"auto, (max-width: 480px) 150px\" src=\"https:\/\/ebtr.pl\/wp-content\/uploads\/2024\/07\/a2425.jpg\" alt=\"Promocja 2024\/25\" class=\"uag-image-17531\" width=\"291\" height=\"411\" title=\"a2425\" loading=\"lazy\" role=\"img\"\/><\/a><\/figure><\/div>\n<\/div>\n\n\n\n<div class=\"wp-block-uagb-container uagb-block-836fd1e3\">\n<div class=\"wp-block-uagb-image aligncenter uagb-block-4feb4b47 wp-block-uagb-image--layout-default wp-block-uagb-image--effect-static wp-block-uagb-image--align-center\"><figure class=\"wp-block-uagb-image__figure\"><a class=\"\" href=\"https:\/\/ebtr.pl\/wp-content\/uploads\/2023\/02\/FACOM-Bestseller-2023-24-PL.pdf\" target=\"\" rel=\"noopener\"><img decoding=\"async\" srcset=\"https:\/\/ebtr.pl\/wp-content\/uploads\/2023\/08\/a2324.jpg \" sizes=\"auto, (max-width: 480px) 150px\" src=\"https:\/\/ebtr.pl\/wp-content\/uploads\/2023\/08\/a2324.jpg\" alt=\"Promocja Facom - Broszury\" class=\"uag-image-1118\" width=\"291\" height=\"411\" title=\"\" loading=\"lazy\" role=\"img\"\/><\/a><\/figure><\/div>\n<\/div>\n\n\n\n<div class=\"wp-block-uagb-container uagb-block-7a2bf1aa\">\n<div class=\"wp-block-uagb-image uagb-block-469cd792 wp-block-uagb-image--layout-default wp-block-uagb-image--effect-static wp-block-uagb-image--align-none\"><figure class=\"wp-block-uagb-image__figure\"><a class=\"\" href=\"https:\/\/ebtr.pl\/wp-content\/uploads\/2023\/08\/FACOM_JET_Brochure_PL_LR_96dpi_.pdf\" target=\"\" rel=\"noopener\"><img decoding=\"async\" srcset=\"https:\/\/ebtr.pl\/wp-content\/uploads\/2023\/08\/jet.jpg \" sizes=\"auto, (max-width: 480px) 150px\" src=\"https:\/\/ebtr.pl\/wp-content\/uploads\/2023\/08\/jet.jpg\" alt=\"Promocja Facom - Broszury\" class=\"uag-image-1120\" width=\"289\" height=\"411\" title=\"\" loading=\"lazy\" role=\"img\"\/><\/a><\/figure><\/div>\n<\/div>\n\n\n\n<div class=\"wp-block-uagb-container uagb-block-dfc84048\">\n<div class=\"wp-block-uagb-image uagb-block-8ab198b0 wp-block-uagb-image--layout-default wp-block-uagb-image--effect-static wp-block-uagb-image--align-none\"><figure class=\"wp-block-uagb-image__figure\"><a class=\"\" href=\"https:\/\/ebtr.pl\/wp-content\/uploads\/2023\/08\/Catalogue-Facom-SLS-2015-EN.pdf\" target=\"\" rel=\"noopener\"><img decoding=\"async\" srcset=\"https:\/\/ebtr.pl\/wp-content\/uploads\/2023\/08\/becarefuul.jpg \" sizes=\"auto, (max-width: 480px) 150px\" src=\"https:\/\/ebtr.pl\/wp-content\/uploads\/2023\/08\/becarefuul.jpg\" alt=\"Promocja Facom - Broszury\" class=\"uag-image-1119\" width=\"292\" height=\"411\" title=\"\" loading=\"lazy\" role=\"img\"\/><\/a><\/figure><\/div>\n<\/div>\n\n\n\n<div class=\"wp-block-uagb-container uagb-block-e9bfdbe4\">\n<div class=\"wp-block-uagb-image uagb-block-fba03c7c wp-block-uagb-image--layout-default wp-block-uagb-image--effect-static wp-block-uagb-image--align-none\"><figure class=\"wp-block-uagb-image__figure\"><a class=\"\" href=\"https:\/\/ebtr.pl\/wp-content\/uploads\/2023\/08\/FACOM_MATRIX_Brochure_PL.pdf\" target=\"\" rel=\"noopener\"><img decoding=\"async\" srcset=\"https:\/\/ebtr.pl\/wp-content\/uploads\/2023\/08\/zabudowy.jpg \" sizes=\"auto, (max-width: 480px) 150px\" src=\"https:\/\/ebtr.pl\/wp-content\/uploads\/2023\/08\/zabudowy.jpg\" alt=\"Promocja Facom - Broszury\" class=\"uag-image-1121\" width=\"290\" height=\"411\" title=\"\" loading=\"lazy\" role=\"img\"\/><\/a><\/figure><\/div>\n<\/div>\n<\/div>\n<\/div>\n<\/div>\n<\/div><\/div>\n\n\n\n<div class=\"wp-block-uagb-separator uagb-block-3bb02392\"><div class=\"wp-block-uagb-separator__inner\" style=\"--my-background-image:\"><\/div><\/div>\n\n\n\n<div class=\"wp-block-uagb-container uagb-block-9f9358bf alignfull uagb-is-root-container\"><div class=\"uagb-container-inner-blocks-wrap\">\n<div class=\"wp-block-uagb-advanced-heading uagb-block-36c05f92\"><h2 class=\"uagb-heading-text\">Katalogi on-line<\/h2><\/div>\n\n\n\n<div class=\"wp-block-uagb-container uagb-block-918afc14\">\n<div class=\"wp-block-uagb-image aligncenter uagb-block-7b65ce17 wp-block-uagb-image--layout-default wp-block-uagb-image--effect-static wp-block-uagb-image--align-center\"><figure class=\"wp-block-uagb-image__figure\"><a class=\"\" href=\"https:\/\/www.facom.eu\/pl-pl\/\" target=\"\" rel=\"noopener\"><img decoding=\"async\" srcset=\"https:\/\/ebtr.pl\/wp-content\/uploads\/2023\/02\/1L-1-300x44.png \" sizes=\"auto, (max-width: 480px) 150px\" src=\"https:\/\/ebtr.pl\/wp-content\/uploads\/2023\/02\/1L-1-300x44.png\" alt=\"katalogi facom\" class=\"uag-image-239\" width=\"300\" height=\"44\" title=\"\" loading=\"lazy\" role=\"img\"\/><\/a><\/figure><\/div>\n\n\n\n<div class=\"wp-block-uagb-image aligncenter uagb-block-529aede9 wp-block-uagb-image--layout-default wp-block-uagb-image--effect-static wp-block-uagb-image--align-center\"><figure class=\"wp-block-uagb-image__figure\"><a class=\"\" href=\"https:\/\/www.koken-tool.co.jp\/en\/product.html#page01\" target=\"\" rel=\"noopener\"><img decoding=\"async\" srcset=\"https:\/\/ebtr.pl\/wp-content\/uploads\/2023\/02\/3L-300x44.png \" sizes=\"auto, (max-width: 480px) 150px\" src=\"https:\/\/ebtr.pl\/wp-content\/uploads\/2023\/02\/3L-300x44.png\" alt=\"katalogi koken\" class=\"uag-image-237\" width=\"300\" height=\"44\" title=\"\" loading=\"lazy\" role=\"img\"\/><\/a><\/figure><\/div>\n\n\n\n<div class=\"wp-block-uagb-image aligncenter uagb-block-1fc2a5e6 wp-block-uagb-image--layout-default wp-block-uagb-image--effect-static wp-block-uagb-image--align-center\"><figure class=\"wp-block-uagb-image__figure\"><a class=\"\" href=\"https:\/\/www.wiha.com\/pl\/pl\/narzedzia\/\" target=\"\" rel=\"noopener\"><img decoding=\"async\" srcset=\"https:\/\/ebtr.pl\/wp-content\/uploads\/2023\/02\/4L-300x44.png \" sizes=\"auto, (max-width: 480px) 150px\" src=\"https:\/\/ebtr.pl\/wp-content\/uploads\/2023\/02\/4L-300x44.png\" alt=\"katalogi wiha\" class=\"uag-image-236\" width=\"300\" height=\"44\" title=\"\" loading=\"lazy\" role=\"img\"\/><\/a><\/figure><\/div>\n<\/div>\n<\/div><\/div>\n\n\n\n<div class=\"wp-block-uagb-separator uagb-block-63937bbb\"><div class=\"wp-block-uagb-separator__inner\" style=\"--my-background-image:\"><\/div><\/div>\n\n\n\n<h2 class=\"wp-block-heading has-text-align-center\">Katalog Fami<\/h2>\n\n\n\n<p class=\"has-text-align-center\"><code><div class=\"_df_book df-lite\" id=\"df_11107\"  _slug=\"\" data-title=\"fami\" wpoptions=\"true\" thumb=\"https:\/\/ebtr.pl\/wp-content\/uploads\/2024\/03\/logo.png\" thumbtype=\"\" ><\/div><script class=\"df-shortcode-script\" type=\"application\/javascript\">window.option_df_11107 = {\"outline\":[],\"autoEnableOutline\":\"false\",\"autoEnableThumbnail\":\"false\",\"overwritePDFOutline\":\"false\",\"direction\":\"1\",\"pageSize\":\"0\",\"source\":\"https:\\\/\\\/ebtr.pl\\\/wp-content\\\/uploads\\\/2024\\\/03\\\/Fami.pdf\",\"wpOptions\":\"true\"}; if(window.DFLIP && window.DFLIP.parseBooks){window.DFLIP.parseBooks();}<\/script><\/code><\/p>\n\n\n\n<div class=\"wp-block-uagb-separator uagb-block-f51fba9b\"><div class=\"wp-block-uagb-separator__inner\" style=\"--my-background-image:\"><\/div><\/div>\n","protected":false},"excerpt":{"rendered":"<p>Katalog, oraz broszury promocyjne Akcja Facom 2024\/25 Promocja Facom &#8211; Broszury\/Katalogi do pobrania PDF Katalogi on-line Katalog Fami<\/p>\n","protected":false},"author":1,"featured_media":0,"parent":0,"menu_order":0,"comment_status":"closed","ping_status":"closed","template":"","meta":{"_eb_attr":"","_uag_custom_page_level_css":"","ub_ctt_via":"","_themeisle_gutenberg_block_has_review":false,"_kad_post_transparent":"","_kad_post_title":"","_kad_post_layout":"","_kad_post_sidebar_id":"","_kad_post_content_style":"","_kad_post_vertical_padding":"","_kad_post_feature":"","_kad_post_feature_position":"","_kad_post_header":false,"_kad_post_footer":false,"_vp_format_video_url":"","_vp_image_focal_point":[],"footnotes":""},"class_list":["post-271","page","type-page","status-publish","hentry"],"featured_image_src":null,"yoast_head":"<!-- This site is optimized with the Yoast SEO plugin v23.3 - https:\/\/yoast.com\/wordpress\/plugins\/seo\/ -->\n<title>Katalog, oraz broszury promocyjne Akcja Facom 2024\/25<\/title>\n<meta name=\"description\" content=\"Katalogi online, oraz broszury promocyjne PDF z mo\u017cliwo\u015bci\u0105 pobrania: Akcja Facom 2024\/2025, Wiha, Koken. Fami\" \/>\n<meta name=\"robots\" content=\"index, follow, max-snippet:-1, max-image-preview:large, max-video-preview:-1\" \/>\n<link rel=\"canonical\" href=\"https:\/\/ebtr.pl\/index.php\/promocja-facom\/\" \/>\n<meta property=\"og:locale\" content=\"pl_PL\" \/>\n<meta property=\"og:type\" content=\"article\" \/>\n<meta property=\"og:title\" content=\"Katalog, oraz broszury promocyjne Akcja Facom 2024\/25\" \/>\n<meta property=\"og:description\" content=\"Katalogi online, oraz broszury promocyjne PDF z mo\u017cliwo\u015bci\u0105 pobrania: Akcja Facom 2024\/2025, Wiha, Koken. Fami\" \/>\n<meta property=\"og:url\" content=\"https:\/\/ebtr.pl\/index.php\/promocja-facom\/\" \/>\n<meta property=\"og:site_name\" content=\"Biuro Techniczne Raczkowski Przemys\u0142aw\" \/>\n<meta property=\"article:publisher\" content=\"https:\/\/www.facebook.com\/BTRaczkowski\" \/>\n<meta property=\"article:modified_time\" content=\"2024-07-25T22:10:52+00:00\" \/>\n<meta property=\"og:image\" content=\"https:\/\/ebtr.pl\/wp-content\/uploads\/2024\/07\/a2425.jpg\" \/>\n<meta name=\"twitter:card\" content=\"summary_large_image\" \/>\n<meta name=\"twitter:label1\" content=\"Szacowany czas czytania\" \/>\n\t<meta name=\"twitter:data1\" content=\"2 minuty\" \/>\n<script type=\"application\/ld+json\" class=\"yoast-schema-graph\">{\"@context\":\"https:\/\/schema.org\",\"@graph\":[{\"@type\":\"WebPage\",\"@id\":\"https:\/\/ebtr.pl\/index.php\/promocja-facom\/\",\"url\":\"https:\/\/ebtr.pl\/index.php\/promocja-facom\/\",\"name\":\"Katalog, oraz broszury promocyjne Akcja Facom 2024\/25\",\"isPartOf\":{\"@id\":\"https:\/\/ebtr.pl\/#website\"},\"primaryImageOfPage\":{\"@id\":\"https:\/\/ebtr.pl\/index.php\/promocja-facom\/#primaryimage\"},\"image\":{\"@id\":\"https:\/\/ebtr.pl\/index.php\/promocja-facom\/#primaryimage\"},\"thumbnailUrl\":\"https:\/\/ebtr.pl\/wp-content\/uploads\/2024\/07\/a2425.jpg\",\"datePublished\":\"2023-02-16T23:00:03+00:00\",\"dateModified\":\"2024-07-25T22:10:52+00:00\",\"description\":\"Katalogi online, oraz broszury promocyjne PDF z mo\u017cliwo\u015bci\u0105 pobrania: Akcja Facom 2024\/2025, Wiha, Koken. Fami\",\"breadcrumb\":{\"@id\":\"https:\/\/ebtr.pl\/index.php\/promocja-facom\/#breadcrumb\"},\"inLanguage\":\"pl-PL\",\"potentialAction\":[{\"@type\":\"ReadAction\",\"target\":[\"https:\/\/ebtr.pl\/index.php\/promocja-facom\/\"]}]},{\"@type\":\"ImageObject\",\"inLanguage\":\"pl-PL\",\"@id\":\"https:\/\/ebtr.pl\/index.php\/promocja-facom\/#primaryimage\",\"url\":\"https:\/\/ebtr.pl\/wp-content\/uploads\/2024\/07\/a2425.jpg\",\"contentUrl\":\"https:\/\/ebtr.pl\/wp-content\/uploads\/2024\/07\/a2425.jpg\",\"width\":291,\"height\":411},{\"@type\":\"BreadcrumbList\",\"@id\":\"https:\/\/ebtr.pl\/index.php\/promocja-facom\/#breadcrumb\",\"itemListElement\":[{\"@type\":\"ListItem\",\"position\":1,\"name\":\"Strona g\u0142\u00f3wna\",\"item\":\"https:\/\/ebtr.pl\/\"},{\"@type\":\"ListItem\",\"position\":2,\"name\":\"Promocja\"}]},{\"@type\":\"WebSite\",\"@id\":\"https:\/\/ebtr.pl\/#website\",\"url\":\"https:\/\/ebtr.pl\/\",\"name\":\"Biuro Techniczne Raczkowski Przemys\u0142aw\",\"description\":\"Z pasji do narz\u0119dzi, o narz\u0119dziach, narz\u0119dzia.\",\"publisher\":{\"@id\":\"https:\/\/ebtr.pl\/#organization\"},\"alternateName\":\"Biuro Techniczne\",\"potentialAction\":[{\"@type\":\"SearchAction\",\"target\":{\"@type\":\"EntryPoint\",\"urlTemplate\":\"https:\/\/ebtr.pl\/?s={search_term_string}\"},\"query-input\":\"required name=search_term_string\"}],\"inLanguage\":\"pl-PL\"},{\"@type\":\"Organization\",\"@id\":\"https:\/\/ebtr.pl\/#organization\",\"name\":\"BTR\",\"url\":\"https:\/\/ebtr.pl\/\",\"logo\":{\"@type\":\"ImageObject\",\"inLanguage\":\"pl-PL\",\"@id\":\"https:\/\/ebtr.pl\/#\/schema\/logo\/image\/\",\"url\":\"https:\/\/ebtr.pl\/wp-content\/uploads\/2023\/02\/cropped-logo_CB.png\",\"contentUrl\":\"https:\/\/ebtr.pl\/wp-content\/uploads\/2023\/02\/cropped-logo_CB.png\",\"width\":2048,\"height\":977,\"caption\":\"BTR\"},\"image\":{\"@id\":\"https:\/\/ebtr.pl\/#\/schema\/logo\/image\/\"},\"sameAs\":[\"https:\/\/www.facebook.com\/BTRaczkowski\",\"https:\/\/www.instagram.com\/btr_tools\/\"]}]}<\/script>\n<!-- \/ Yoast SEO plugin. -->","yoast_head_json":{"title":"Katalog, oraz broszury promocyjne Akcja Facom 2024\/25","description":"Katalogi online, oraz broszury promocyjne PDF z mo\u017cliwo\u015bci\u0105 pobrania: Akcja Facom 2024\/2025, Wiha, Koken. Fami","robots":{"index":"index","follow":"follow","max-snippet":"max-snippet:-1","max-image-preview":"max-image-preview:large","max-video-preview":"max-video-preview:-1"},"canonical":"https:\/\/ebtr.pl\/index.php\/promocja-facom\/","og_locale":"pl_PL","og_type":"article","og_title":"Katalog, oraz broszury promocyjne Akcja Facom 2024\/25","og_description":"Katalogi online, oraz broszury promocyjne PDF z mo\u017cliwo\u015bci\u0105 pobrania: Akcja Facom 2024\/2025, Wiha, Koken. Fami","og_url":"https:\/\/ebtr.pl\/index.php\/promocja-facom\/","og_site_name":"Biuro Techniczne Raczkowski Przemys\u0142aw","article_publisher":"https:\/\/www.facebook.com\/BTRaczkowski","article_modified_time":"2024-07-25T22:10:52+00:00","og_image":[{"url":"https:\/\/ebtr.pl\/wp-content\/uploads\/2024\/07\/a2425.jpg"}],"twitter_card":"summary_large_image","twitter_misc":{"Szacowany czas czytania":"2 minuty"},"schema":{"@context":"https:\/\/schema.org","@graph":[{"@type":"WebPage","@id":"https:\/\/ebtr.pl\/index.php\/promocja-facom\/","url":"https:\/\/ebtr.pl\/index.php\/promocja-facom\/","name":"Katalog, oraz broszury promocyjne Akcja Facom 2024\/25","isPartOf":{"@id":"https:\/\/ebtr.pl\/#website"},"primaryImageOfPage":{"@id":"https:\/\/ebtr.pl\/index.php\/promocja-facom\/#primaryimage"},"image":{"@id":"https:\/\/ebtr.pl\/index.php\/promocja-facom\/#primaryimage"},"thumbnailUrl":"https:\/\/ebtr.pl\/wp-content\/uploads\/2024\/07\/a2425.jpg","datePublished":"2023-02-16T23:00:03+00:00","dateModified":"2024-07-25T22:10:52+00:00","description":"Katalogi online, oraz broszury promocyjne PDF z mo\u017cliwo\u015bci\u0105 pobrania: Akcja Facom 2024\/2025, Wiha, Koken. Fami","breadcrumb":{"@id":"https:\/\/ebtr.pl\/index.php\/promocja-facom\/#breadcrumb"},"inLanguage":"pl-PL","potentialAction":[{"@type":"ReadAction","target":["https:\/\/ebtr.pl\/index.php\/promocja-facom\/"]}]},{"@type":"ImageObject","inLanguage":"pl-PL","@id":"https:\/\/ebtr.pl\/index.php\/promocja-facom\/#primaryimage","url":"https:\/\/ebtr.pl\/wp-content\/uploads\/2024\/07\/a2425.jpg","contentUrl":"https:\/\/ebtr.pl\/wp-content\/uploads\/2024\/07\/a2425.jpg","width":291,"height":411},{"@type":"BreadcrumbList","@id":"https:\/\/ebtr.pl\/index.php\/promocja-facom\/#breadcrumb","itemListElement":[{"@type":"ListItem","position":1,"name":"Strona g\u0142\u00f3wna","item":"https:\/\/ebtr.pl\/"},{"@type":"ListItem","position":2,"name":"Promocja"}]},{"@type":"WebSite","@id":"https:\/\/ebtr.pl\/#website","url":"https:\/\/ebtr.pl\/","name":"Biuro Techniczne Raczkowski Przemys\u0142aw","description":"Z pasji do narz\u0119dzi, o narz\u0119dziach, narz\u0119dzia.","publisher":{"@id":"https:\/\/ebtr.pl\/#organization"},"alternateName":"Biuro Techniczne","potentialAction":[{"@type":"SearchAction","target":{"@type":"EntryPoint","urlTemplate":"https:\/\/ebtr.pl\/?s={search_term_string}"},"query-input":"required name=search_term_string"}],"inLanguage":"pl-PL"},{"@type":"Organization","@id":"https:\/\/ebtr.pl\/#organization","name":"BTR","url":"https:\/\/ebtr.pl\/","logo":{"@type":"ImageObject","inLanguage":"pl-PL","@id":"https:\/\/ebtr.pl\/#\/schema\/logo\/image\/","url":"https:\/\/ebtr.pl\/wp-content\/uploads\/2023\/02\/cropped-logo_CB.png","contentUrl":"https:\/\/ebtr.pl\/wp-content\/uploads\/2023\/02\/cropped-logo_CB.png","width":2048,"height":977,"caption":"BTR"},"image":{"@id":"https:\/\/ebtr.pl\/#\/schema\/logo\/image\/"},"sameAs":["https:\/\/www.facebook.com\/BTRaczkowski","https:\/\/www.instagram.com\/btr_tools\/"]}]}},"uagb_featured_image_src":{"full":false,"thumbnail":false,"medium":false,"medium_large":false,"large":false,"1536x1536":false,"2048x2048":false,"vp_sm":false,"vp_md":false,"vp_lg":false,"vp_xl":false,"vp_sm_popup":false,"vp_md_popup":false,"vp_xl_popup":false,"woocommerce_thumbnail":false,"woocommerce_single":false,"woocommerce_gallery_thumbnail":false},"uagb_author_info":{"display_name":"admin","author_link":"https:\/\/ebtr.pl\/index.php\/author\/admin\/"},"uagb_comment_info":0,"uagb_excerpt":"Katalog, oraz broszury promocyjne Akcja Facom 2024\/25 Promocja Facom &#8211; Broszury\/Katalogi do pobrania PDF Katalogi on-line Katalog Fami","_links":{"self":[{"href":"https:\/\/ebtr.pl\/index.php\/wp-json\/wp\/v2\/pages\/271","targetHints":{"allow":["GET"]}}],"collection":[{"href":"https:\/\/ebtr.pl\/index.php\/wp-json\/wp\/v2\/pages"}],"about":[{"href":"https:\/\/ebtr.pl\/index.php\/wp-json\/wp\/v2\/types\/page"}],"author":[{"embeddable":true,"href":"https:\/\/ebtr.pl\/index.php\/wp-json\/wp\/v2\/users\/1"}],"replies":[{"embeddable":true,"href":"https:\/\/ebtr.pl\/index.php\/wp-json\/wp\/v2\/comments?post=271"}],"version-history":[{"count":0,"href":"https:\/\/ebtr.pl\/index.php\/wp-json\/wp\/v2\/pages\/271\/revisions"}],"wp:attachment":[{"href":"https:\/\/ebtr.pl\/index.php\/wp-json\/wp\/v2\/media?parent=271"}],"curies":[{"name":"wp","href":"https:\/\/api.w.org\/{rel}","templated":true}]}}