{"id":614,"date":"2023-03-21T22:42:52","date_gmt":"2023-03-21T21:42:52","guid":{"rendered":"https:\/\/ebtr.pl\/?post_type=product&#038;p=614"},"modified":"2025-04-14T00:39:47","modified_gmt":"2025-04-13T22:39:47","slug":"produkt-1","status":"publish","type":"product","link":"https:\/\/ebtr.pl\/index.php\/produkt\/produkt-1\/","title":{"rendered":"FACOM NS.1600F &#8211; Kompaktowy klucz udarowy 1\/2&#8243; 861 Nm"},"content":{"rendered":"<div class=\"rte\">\n<p><span id=\"result_box\" lang=\"pl\" xml:lang=\"pl\"><br \/>\n<span dir=\"ltr\" role=\"presentation\">\u2022 3 ustawienia mocy, jednor\u0119czny prze\u0142\u0105cznik zmiany<\/span><br role=\"presentation\" \/><span dir=\"ltr\" role=\"presentation\">kierunku.<\/span><br role=\"presentation\" \/><span dir=\"ltr\" role=\"presentation\">\u2022 Dostarczany z zaczepem do zawieszania, zmniejsza<\/span><br role=\"presentation\" \/><span dir=\"ltr\" role=\"presentation\">zm\u0119czenie u\u017cytkownika.<\/span><br role=\"presentation\" \/><span dir=\"ltr\" role=\"presentation\">\u2022 Jednoelementowy korpus zwi\u0119ksza trwa\u0142o\u015b\u0107.<\/span><br role=\"presentation\" \/><span dir=\"ltr\" role=\"presentation\">\u2022 Wbudowane odbojniki pomagaj\u0105 chroni\u0107 narz\u0119dzia<\/span><br role=\"presentation\" \/><span dir=\"ltr\" role=\"presentation\">przed uszkodzeniem.<\/span><br role=\"presentation\" \/><span dir=\"ltr\" role=\"presentation\">\u2022 Ergonomiczna mi\u0119kka r\u0119koje\u015b\u0107:<\/span><br role=\"presentation\" \/><span dir=\"ltr\" role=\"presentation\">\u2014 Wbudowana wstawka gumowa pokrywaj\u0105ca<\/span><br role=\"presentation\" \/><span dir=\"ltr\" role=\"presentation\">aluminium.<\/span><br role=\"presentation\" \/><span dir=\"ltr\" role=\"presentation\">\u2014 Odporna na produkty ropopochodne i<\/span><br role=\"presentation\" \/><span dir=\"ltr\" role=\"presentation\">rozpuszczalniki.<\/span><br role=\"presentation\" \/><span dir=\"ltr\" role=\"presentation\">\u2014 Zapewnia lepsze u\u0142o\u017cenie w d\u0142oni.<\/span><br role=\"presentation\" \/><span dir=\"ltr\" role=\"presentation\">\u2014 Dzi\u0119ki gumowej wstawce natryskiwanej na<\/span><br role=\"presentation\" \/><span dir=\"ltr\" role=\"presentation\">aluminium, odpornej na produkty ropopochodne i<\/span><br role=\"presentation\" \/><span dir=\"ltr\" role=\"presentation\">rozpuszczalniki, zmniejsza zm\u0119czenie u\u017cytkownika.<\/span><br role=\"presentation\" \/><span dir=\"ltr\" role=\"presentation\">\u2022 Zapewnia moment dokr\u0119cania 860 Nm w kierunku<\/span><br role=\"presentation\" \/><span dir=\"ltr\" role=\"presentation\">odwrotnym.<\/span><br role=\"presentation\" \/><span dir=\"ltr\" role=\"presentation\">\u2022 Wymiary przystosowane do ciasnych miejsc.<\/span><br role=\"presentation\" \/><span dir=\"ltr\" role=\"presentation\">\u2022 Mocowanie nasadki za pomoc\u0105 pier\u015bcienia i ko\u0142ka.<\/span><br role=\"presentation\" \/><span dir=\"ltr\" role=\"presentation\">\u2022 Moment maksymalny: 861 Nm.<\/span><br role=\"presentation\" \/><span dir=\"ltr\" role=\"presentation\">\u2022 Udary na minut\u0119: 1650 c\/min.<\/span><br role=\"presentation\" \/><span dir=\"ltr\" role=\"presentation\">\u2022 Pr\u0119dko\u015b\u0107 bez obci\u0105\u017cenia: 10 000 obr.\/min.<\/span><br role=\"presentation\" \/><span dir=\"ltr\" role=\"presentation\">\u2022 Zabierak kwadratowy 1\/2\u201d.<\/span><br role=\"presentation\" \/><span dir=\"ltr\" role=\"presentation\">\u2022 Ci\u015bnienie robocze: 6,2 bar.<\/span><br role=\"presentation\" \/><span dir=\"ltr\" role=\"presentation\">\u2022 \u015arednie zu\u017cycie powietrza 127 l\/min.<\/span><br role=\"presentation\" \/><span dir=\"ltr\" role=\"presentation\">\u2022 Przy\u0142\u0105cze narz\u0119dzia 1\/4\u201d NPT.<\/span><br role=\"presentation\" \/><span dir=\"ltr\" role=\"presentation\">\u2022 Min. \u015brednica przewodu: 10 mm \u2014 3\/8\u201d.<\/span><br role=\"presentation\" \/><span dir=\"ltr\" role=\"presentation\">\u2022 Ci\u015bnienie akustyczne: 91,1 dB(A).<\/span><br role=\"presentation\" \/><span dir=\"ltr\" role=\"presentation\">\u2022 Poziom ha\u0142asu: 108,1 dB(A).<\/span><br role=\"presentation\" \/><span dir=\"ltr\" role=\"presentation\">\u2022 Drgania: 9,57 m\/s\u00b2\/a.<\/span><br role=\"presentation\" \/><span dir=\"ltr\" role=\"presentation\">\u2022 Drgania: 1,44 m\/s\u00b2\/K.<\/span><\/span><\/p>\n<\/div>\n<div>\n<table class=\"table-data-sheet\" style=\"height: 190px;\" width=\"1343\">\n<tbody>\n<tr class=\"odd\">\n<td><\/td>\n<td><\/td>\n<\/tr>\n<tr class=\"even\">\n<td><\/td>\n<td><\/td>\n<\/tr>\n<tr class=\"odd\">\n<td><\/td>\n<td><\/td>\n<\/tr>\n<tr class=\"even\">\n<td><\/td>\n<td><\/td>\n<\/tr>\n<tr class=\"odd\">\n<td><\/td>\n<td><\/td>\n<\/tr>\n<tr class=\"even\">\n<td><\/td>\n<td><\/td>\n<\/tr>\n<\/tbody>\n<\/table>\n<\/div>\n","protected":false},"excerpt":{"rendered":"<p><span id=\"result_box\" lang=\"pl\" xml:lang=\"pl\">Wydajno\u015b\u0107, komfort i bezpiecze\u0144stwo.<br \/>\n<span lang=\"pl\" xml:lang=\"pl\">Idealne do pracy w ciasnych przestrzeniach.<\/span><\/span><\/p>\n","protected":false},"featured_media":349,"comment_status":"open","ping_status":"closed","template":"","meta":{"_eb_attr":"","_uag_custom_page_level_css":"","ub_ctt_via":"","_themeisle_gutenberg_block_has_review":false,"_kad_post_transparent":"default","_kad_post_title":"","_kad_post_layout":"default","_kad_post_sidebar_id":"","_kad_post_content_style":"default","_kad_post_vertical_padding":"default","_kad_post_feature":"","_kad_post_feature_position":"","_kad_post_header":false,"_kad_post_footer":false,"_vp_format_video_url":"","_vp_image_focal_point":[]},"product_cat":[22],"product_tag":[24,25,23,26],"class_list":{"0":"post-614","1":"product","2":"type-product","3":"status-publish","4":"has-post-thumbnail","6":"product_cat-promocja-btr","7":"product_tag-facom","8":"product_tag-klucz-udarowy","9":"product_tag-ns-1600f","10":"product_tag-wyprzedaz","12":"first","13":"instock","14":"sale","15":"featured","16":"taxable","17":"shipping-taxable","18":"purchasable","19":"product-type-simple","20":"entry","21":"content-bg","22":"loop-entry"},"yoast_head":"<!-- This site is optimized with the Yoast SEO plugin v23.3 - https:\/\/yoast.com\/wordpress\/plugins\/seo\/ -->\n<title>FACOM NS.1600F - Kompaktowy klucz udarowy 1\/2&quot; 861 Nm - Biuro Techniczne Raczkowski Przemys\u0142aw<\/title>\n<meta name=\"robots\" content=\"index, follow, max-snippet:-1, max-image-preview:large, max-video-preview:-1\" \/>\n<link rel=\"canonical\" href=\"https:\/\/ebtr.pl\/index.php\/produkt\/produkt-1\/\" \/>\n<meta property=\"og:locale\" content=\"pl_PL\" \/>\n<meta property=\"og:type\" content=\"article\" \/>\n<meta property=\"og:title\" content=\"FACOM NS.1600F - Kompaktowy klucz udarowy 1\/2&quot; 861 Nm - Biuro Techniczne Raczkowski Przemys\u0142aw\" \/>\n<meta property=\"og:description\" content=\"Wydajno\u015b\u0107, komfort i bezpiecze\u0144stwo. Idealne do pracy w ciasnych przestrzeniach.\" \/>\n<meta property=\"og:url\" content=\"https:\/\/ebtr.pl\/index.php\/produkt\/produkt-1\/\" \/>\n<meta property=\"og:site_name\" content=\"Biuro Techniczne Raczkowski Przemys\u0142aw\" \/>\n<meta property=\"article:publisher\" content=\"https:\/\/www.facebook.com\/BTRaczkowski\" \/>\n<meta property=\"article:modified_time\" content=\"2025-04-13T22:39:47+00:00\" \/>\n<meta property=\"og:image\" content=\"https:\/\/ebtr.pl\/wp-content\/uploads\/2023\/02\/promocja.png\" \/>\n\t<meta property=\"og:image:width\" content=\"559\" \/>\n\t<meta property=\"og:image:height\" content=\"604\" \/>\n\t<meta property=\"og:image:type\" content=\"image\/png\" \/>\n<meta name=\"twitter:card\" content=\"summary_large_image\" \/>\n<meta name=\"twitter:label1\" content=\"Szacowany czas czytania\" \/>\n\t<meta name=\"twitter:data1\" content=\"1 minuta\" \/>\n<script type=\"application\/ld+json\" class=\"yoast-schema-graph\">{\"@context\":\"https:\/\/schema.org\",\"@graph\":[{\"@type\":\"WebPage\",\"@id\":\"https:\/\/ebtr.pl\/index.php\/produkt\/produkt-1\/\",\"url\":\"https:\/\/ebtr.pl\/index.php\/produkt\/produkt-1\/\",\"name\":\"FACOM NS.1600F - Kompaktowy klucz udarowy 1\/2\\\" 861 Nm - Biuro Techniczne Raczkowski Przemys\u0142aw\",\"isPartOf\":{\"@id\":\"https:\/\/ebtr.pl\/#website\"},\"primaryImageOfPage\":{\"@id\":\"https:\/\/ebtr.pl\/index.php\/produkt\/produkt-1\/#primaryimage\"},\"image\":{\"@id\":\"https:\/\/ebtr.pl\/index.php\/produkt\/produkt-1\/#primaryimage\"},\"thumbnailUrl\":\"https:\/\/ebtr.pl\/wp-content\/uploads\/2023\/02\/promocja.png\",\"datePublished\":\"2023-03-21T21:42:52+00:00\",\"dateModified\":\"2025-04-13T22:39:47+00:00\",\"breadcrumb\":{\"@id\":\"https:\/\/ebtr.pl\/index.php\/produkt\/produkt-1\/#breadcrumb\"},\"inLanguage\":\"pl-PL\",\"potentialAction\":[{\"@type\":\"ReadAction\",\"target\":[\"https:\/\/ebtr.pl\/index.php\/produkt\/produkt-1\/\"]}]},{\"@type\":\"ImageObject\",\"inLanguage\":\"pl-PL\",\"@id\":\"https:\/\/ebtr.pl\/index.php\/produkt\/produkt-1\/#primaryimage\",\"url\":\"https:\/\/ebtr.pl\/wp-content\/uploads\/2023\/02\/promocja.png\",\"contentUrl\":\"https:\/\/ebtr.pl\/wp-content\/uploads\/2023\/02\/promocja.png\",\"width\":559,\"height\":604},{\"@type\":\"BreadcrumbList\",\"@id\":\"https:\/\/ebtr.pl\/index.php\/produkt\/produkt-1\/#breadcrumb\",\"itemListElement\":[{\"@type\":\"ListItem\",\"position\":1,\"name\":\"Strona g\u0142\u00f3wna\",\"item\":\"https:\/\/ebtr.pl\/\"},{\"@type\":\"ListItem\",\"position\":2,\"name\":\"Sklep\",\"item\":\"https:\/\/ebtr.pl\/?page_id=584\"},{\"@type\":\"ListItem\",\"position\":3,\"name\":\"FACOM NS.1600F &#8211; Kompaktowy klucz udarowy 1\/2&#8243; 861 Nm\"}]},{\"@type\":\"WebSite\",\"@id\":\"https:\/\/ebtr.pl\/#website\",\"url\":\"https:\/\/ebtr.pl\/\",\"name\":\"Biuro Techniczne Raczkowski Przemys\u0142aw\",\"description\":\"Z pasji do narz\u0119dzi, o narz\u0119dziach, narz\u0119dzia.\",\"publisher\":{\"@id\":\"https:\/\/ebtr.pl\/#organization\"},\"alternateName\":\"Biuro Techniczne\",\"potentialAction\":[{\"@type\":\"SearchAction\",\"target\":{\"@type\":\"EntryPoint\",\"urlTemplate\":\"https:\/\/ebtr.pl\/?s={search_term_string}\"},\"query-input\":\"required name=search_term_string\"}],\"inLanguage\":\"pl-PL\"},{\"@type\":\"Organization\",\"@id\":\"https:\/\/ebtr.pl\/#organization\",\"name\":\"BTR\",\"url\":\"https:\/\/ebtr.pl\/\",\"logo\":{\"@type\":\"ImageObject\",\"inLanguage\":\"pl-PL\",\"@id\":\"https:\/\/ebtr.pl\/#\/schema\/logo\/image\/\",\"url\":\"https:\/\/ebtr.pl\/wp-content\/uploads\/2023\/02\/cropped-logo_CB.png\",\"contentUrl\":\"https:\/\/ebtr.pl\/wp-content\/uploads\/2023\/02\/cropped-logo_CB.png\",\"width\":2048,\"height\":977,\"caption\":\"BTR\"},\"image\":{\"@id\":\"https:\/\/ebtr.pl\/#\/schema\/logo\/image\/\"},\"sameAs\":[\"https:\/\/www.facebook.com\/BTRaczkowski\",\"https:\/\/www.instagram.com\/btr_tools\/\"]}]}<\/script>\n<!-- \/ Yoast SEO plugin. -->","yoast_head_json":{"title":"FACOM NS.1600F - Kompaktowy klucz udarowy 1\/2\" 861 Nm - Biuro Techniczne Raczkowski Przemys\u0142aw","robots":{"index":"index","follow":"follow","max-snippet":"max-snippet:-1","max-image-preview":"max-image-preview:large","max-video-preview":"max-video-preview:-1"},"canonical":"https:\/\/ebtr.pl\/index.php\/produkt\/produkt-1\/","og_locale":"pl_PL","og_type":"article","og_title":"FACOM NS.1600F - Kompaktowy klucz udarowy 1\/2\" 861 Nm - Biuro Techniczne Raczkowski Przemys\u0142aw","og_description":"Wydajno\u015b\u0107, komfort i bezpiecze\u0144stwo. Idealne do pracy w ciasnych przestrzeniach.","og_url":"https:\/\/ebtr.pl\/index.php\/produkt\/produkt-1\/","og_site_name":"Biuro Techniczne Raczkowski Przemys\u0142aw","article_publisher":"https:\/\/www.facebook.com\/BTRaczkowski","article_modified_time":"2025-04-13T22:39:47+00:00","og_image":[{"width":559,"height":604,"url":"https:\/\/ebtr.pl\/wp-content\/uploads\/2023\/02\/promocja.png","type":"image\/png"}],"twitter_card":"summary_large_image","twitter_misc":{"Szacowany czas czytania":"1 minuta"},"schema":{"@context":"https:\/\/schema.org","@graph":[{"@type":"WebPage","@id":"https:\/\/ebtr.pl\/index.php\/produkt\/produkt-1\/","url":"https:\/\/ebtr.pl\/index.php\/produkt\/produkt-1\/","name":"FACOM NS.1600F - Kompaktowy klucz udarowy 1\/2\" 861 Nm - Biuro Techniczne Raczkowski Przemys\u0142aw","isPartOf":{"@id":"https:\/\/ebtr.pl\/#website"},"primaryImageOfPage":{"@id":"https:\/\/ebtr.pl\/index.php\/produkt\/produkt-1\/#primaryimage"},"image":{"@id":"https:\/\/ebtr.pl\/index.php\/produkt\/produkt-1\/#primaryimage"},"thumbnailUrl":"https:\/\/ebtr.pl\/wp-content\/uploads\/2023\/02\/promocja.png","datePublished":"2023-03-21T21:42:52+00:00","dateModified":"2025-04-13T22:39:47+00:00","breadcrumb":{"@id":"https:\/\/ebtr.pl\/index.php\/produkt\/produkt-1\/#breadcrumb"},"inLanguage":"pl-PL","potentialAction":[{"@type":"ReadAction","target":["https:\/\/ebtr.pl\/index.php\/produkt\/produkt-1\/"]}]},{"@type":"ImageObject","inLanguage":"pl-PL","@id":"https:\/\/ebtr.pl\/index.php\/produkt\/produkt-1\/#primaryimage","url":"https:\/\/ebtr.pl\/wp-content\/uploads\/2023\/02\/promocja.png","contentUrl":"https:\/\/ebtr.pl\/wp-content\/uploads\/2023\/02\/promocja.png","width":559,"height":604},{"@type":"BreadcrumbList","@id":"https:\/\/ebtr.pl\/index.php\/produkt\/produkt-1\/#breadcrumb","itemListElement":[{"@type":"ListItem","position":1,"name":"Strona g\u0142\u00f3wna","item":"https:\/\/ebtr.pl\/"},{"@type":"ListItem","position":2,"name":"Sklep","item":"https:\/\/ebtr.pl\/?page_id=584"},{"@type":"ListItem","position":3,"name":"FACOM NS.1600F &#8211; Kompaktowy klucz udarowy 1\/2&#8243; 861 Nm"}]},{"@type":"WebSite","@id":"https:\/\/ebtr.pl\/#website","url":"https:\/\/ebtr.pl\/","name":"Biuro Techniczne Raczkowski Przemys\u0142aw","description":"Z pasji do narz\u0119dzi, o narz\u0119dziach, narz\u0119dzia.","publisher":{"@id":"https:\/\/ebtr.pl\/#organization"},"alternateName":"Biuro Techniczne","potentialAction":[{"@type":"SearchAction","target":{"@type":"EntryPoint","urlTemplate":"https:\/\/ebtr.pl\/?s={search_term_string}"},"query-input":"required name=search_term_string"}],"inLanguage":"pl-PL"},{"@type":"Organization","@id":"https:\/\/ebtr.pl\/#organization","name":"BTR","url":"https:\/\/ebtr.pl\/","logo":{"@type":"ImageObject","inLanguage":"pl-PL","@id":"https:\/\/ebtr.pl\/#\/schema\/logo\/image\/","url":"https:\/\/ebtr.pl\/wp-content\/uploads\/2023\/02\/cropped-logo_CB.png","contentUrl":"https:\/\/ebtr.pl\/wp-content\/uploads\/2023\/02\/cropped-logo_CB.png","width":2048,"height":977,"caption":"BTR"},"image":{"@id":"https:\/\/ebtr.pl\/#\/schema\/logo\/image\/"},"sameAs":["https:\/\/www.facebook.com\/BTRaczkowski","https:\/\/www.instagram.com\/btr_tools\/"]}]}},"uagb_featured_image_src":{"full":["https:\/\/ebtr.pl\/wp-content\/uploads\/2023\/02\/promocja.png",559,604,false],"thumbnail":["https:\/\/ebtr.pl\/wp-content\/uploads\/2023\/02\/promocja-150x150.png",150,150,true],"medium":["https:\/\/ebtr.pl\/wp-content\/uploads\/2023\/02\/promocja-278x300.png",278,300,true],"medium_large":["https:\/\/ebtr.pl\/wp-content\/uploads\/2023\/02\/promocja.png",559,604,false],"large":["https:\/\/ebtr.pl\/wp-content\/uploads\/2023\/02\/promocja.png",559,604,false],"1536x1536":["https:\/\/ebtr.pl\/wp-content\/uploads\/2023\/02\/promocja.png",559,604,false],"2048x2048":["https:\/\/ebtr.pl\/wp-content\/uploads\/2023\/02\/promocja.png",559,604,false],"vp_sm":["https:\/\/ebtr.pl\/wp-content\/uploads\/2023\/02\/promocja.png",500,540,false],"vp_md":["https:\/\/ebtr.pl\/wp-content\/uploads\/2023\/02\/promocja.png",559,604,false],"vp_lg":["https:\/\/ebtr.pl\/wp-content\/uploads\/2023\/02\/promocja.png",559,604,false],"vp_xl":["https:\/\/ebtr.pl\/wp-content\/uploads\/2023\/02\/promocja.png",559,604,false],"vp_sm_popup":["https:\/\/ebtr.pl\/wp-content\/uploads\/2023\/02\/promocja.png",500,540,false],"vp_md_popup":["https:\/\/ebtr.pl\/wp-content\/uploads\/2023\/02\/promocja.png",559,604,false],"vp_xl_popup":["https:\/\/ebtr.pl\/wp-content\/uploads\/2023\/02\/promocja.png",559,604,false],"woocommerce_thumbnail":["https:\/\/ebtr.pl\/wp-content\/uploads\/2023\/02\/promocja-300x300.png",300,300,true],"woocommerce_single":["https:\/\/ebtr.pl\/wp-content\/uploads\/2023\/02\/promocja.png",559,604,false],"woocommerce_gallery_thumbnail":["https:\/\/ebtr.pl\/wp-content\/uploads\/2023\/02\/promocja-100x100.png",100,100,true]},"uagb_author_info":{"display_name":"Jakub Kuci\u0144ski","author_link":"https:\/\/ebtr.pl\/index.php\/author\/"},"uagb_comment_info":2,"uagb_excerpt":"Wydajno\u015b\u0107, komfort i bezpiecze\u0144stwo. Idealne do pracy w ciasnych przestrzeniach.","_links":{"self":[{"href":"https:\/\/ebtr.pl\/index.php\/wp-json\/wp\/v2\/product\/614","targetHints":{"allow":["GET"]}}],"collection":[{"href":"https:\/\/ebtr.pl\/index.php\/wp-json\/wp\/v2\/product"}],"about":[{"href":"https:\/\/ebtr.pl\/index.php\/wp-json\/wp\/v2\/types\/product"}],"replies":[{"embeddable":true,"href":"https:\/\/ebtr.pl\/index.php\/wp-json\/wp\/v2\/comments?post=614"}],"wp:featuredmedia":[{"embeddable":true,"href":"https:\/\/ebtr.pl\/index.php\/wp-json\/wp\/v2\/media\/349"}],"wp:attachment":[{"href":"https:\/\/ebtr.pl\/index.php\/wp-json\/wp\/v2\/media?parent=614"}],"wp:term":[{"taxonomy":"product_cat","embeddable":true,"href":"https:\/\/ebtr.pl\/index.php\/wp-json\/wp\/v2\/product_cat?post=614"},{"taxonomy":"product_tag","embeddable":true,"href":"https:\/\/ebtr.pl\/index.php\/wp-json\/wp\/v2\/product_tag?post=614"}],"curies":[{"name":"wp","href":"https:\/\/api.w.org\/{rel}","templated":true}]}}