{"id":737,"date":"2023-03-25T18:31:52","date_gmt":"2023-03-25T17:31:52","guid":{"rendered":"https:\/\/ebtr.pl\/?post_type=product&#038;p=737"},"modified":"2024-07-25T20:22:51","modified_gmt":"2024-07-25T18:22:51","slug":"zestaw-nasadek-1-2-w-kasecie-8-mm-32-mm-facom-sxl-dbox1","status":"publish","type":"product","link":"https:\/\/ebtr.pl\/index.php\/produkt\/zestaw-nasadek-1-2-w-kasecie-8-mm-32-mm-facom-sxl-dbox1\/","title":{"rendered":"FACOM SXL.DBOX1 &#8211; Zestaw nasadek 1\/2&#8243; w kasecie, 8 mm &#8211; 32 mm"},"content":{"rendered":"<p><span dir=\"ltr\" role=\"presentation\">\u25cf<\/span> <span dir=\"ltr\" role=\"presentation\">1<\/span> <span dir=\"ltr\" role=\"presentation\">grzechotka<\/span> <span dir=\"ltr\" role=\"presentation\">SXL.161.<\/span><br role=\"presentation\" \/><span dir=\"ltr\" role=\"presentation\">\u25cf<\/span> <span dir=\"ltr\" role=\"presentation\">1<\/span> <span dir=\"ltr\" role=\"presentation\">przed\u0142u\u017cacz<\/span> <span dir=\"ltr\" role=\"presentation\">k\u0105towy<\/span> <span dir=\"ltr\" role=\"presentation\">S.210S.<\/span><br role=\"presentation\" \/><span dir=\"ltr\" role=\"presentation\">\u25cf<\/span> <span dir=\"ltr\" role=\"presentation\">1<\/span> <span dir=\"ltr\" role=\"presentation\">przed\u0142u\u017cacz<\/span> <span dir=\"ltr\" role=\"presentation\">S.215.<\/span><br role=\"presentation\" \/><span dir=\"ltr\" role=\"presentation\">\u25cf<\/span> <span dir=\"ltr\" role=\"presentation\">1<\/span> <span dir=\"ltr\" role=\"presentation\">przegub<\/span> <span dir=\"ltr\" role=\"presentation\">S.240A.<\/span><br role=\"presentation\" \/><span dir=\"ltr\" role=\"presentation\">\u25cf<\/span> <span dir=\"ltr\" role=\"presentation\">17<\/span> <span dir=\"ltr\" role=\"presentation\">nasadek<\/span> <span dir=\"ltr\" role=\"presentation\">SH:<\/span> <span dir=\"ltr\" role=\"presentation\">8-<\/span><span dir=\"ltr\" role=\"presentation\">10-<\/span><span dir=\"ltr\" role=\"presentation\">11-<\/span><span dir=\"ltr\" role=\"presentation\">12-<\/span><span dir=\"ltr\" role=\"presentation\">13-<\/span><span dir=\"ltr\" role=\"presentation\">14-<\/span><br role=\"presentation\" \/><span dir=\"ltr\" role=\"presentation\">15-<\/span><span dir=\"ltr\" role=\"presentation\">16-<\/span><span dir=\"ltr\" role=\"presentation\">17-<\/span><span dir=\"ltr\" role=\"presentation\">18-<\/span><span dir=\"ltr\" role=\"presentation\">19-<\/span><span dir=\"ltr\" role=\"presentation\">21-<\/span><span dir=\"ltr\" role=\"presentation\">22-<\/span><span dir=\"ltr\" role=\"presentation\">24-<\/span><span dir=\"ltr\" role=\"presentation\">27-<\/span><span dir=\"ltr\" role=\"presentation\">30-<\/span><span dir=\"ltr\" role=\"presentation\">32<\/span><br role=\"presentation\" \/><span dir=\"ltr\" role=\"presentation\">mm.<\/span><\/p>\n","protected":false},"excerpt":{"rendered":"<p>Zestaw nasadek 1\/2&#8243; w kasecie, 8 mm &#8211; 32 mm<\/p>\n","protected":false},"featured_media":738,"comment_status":"open","ping_status":"closed","template":"","meta":{"_eb_attr":"","_uag_custom_page_level_css":"","ub_ctt_via":"","_themeisle_gutenberg_block_has_review":false,"_kad_post_transparent":"default","_kad_post_title":"","_kad_post_layout":"default","_kad_post_sidebar_id":"","_kad_post_content_style":"default","_kad_post_vertical_padding":"default","_kad_post_feature":"","_kad_post_feature_position":"","_kad_post_header":false,"_kad_post_footer":false,"_vp_format_video_url":"","_vp_image_focal_point":[]},"product_cat":[22],"product_tag":[24,26],"class_list":{"0":"post-737","1":"product","2":"type-product","3":"status-publish","4":"has-post-thumbnail","6":"product_cat-promocja-btr","7":"product_tag-facom","8":"product_tag-wyprzedaz","10":"first","11":"instock","12":"sale","13":"taxable","14":"shipping-taxable","15":"purchasable","16":"product-type-simple","17":"entry","18":"content-bg","19":"loop-entry"},"yoast_head":"<!-- This site is optimized with the Yoast SEO plugin v23.3 - https:\/\/yoast.com\/wordpress\/plugins\/seo\/ -->\n<title>FACOM SXL.DBOX1 - Zestaw nasadek 1\/2&quot; w kasecie, 8 mm - 32 mm - Biuro Techniczne Raczkowski Przemys\u0142aw<\/title>\n<meta name=\"robots\" content=\"index, follow, max-snippet:-1, max-image-preview:large, max-video-preview:-1\" \/>\n<link rel=\"canonical\" href=\"https:\/\/ebtr.pl\/index.php\/produkt\/zestaw-nasadek-1-2-w-kasecie-8-mm-32-mm-facom-sxl-dbox1\/\" \/>\n<meta property=\"og:locale\" content=\"pl_PL\" \/>\n<meta property=\"og:type\" content=\"article\" \/>\n<meta property=\"og:title\" content=\"FACOM SXL.DBOX1 - Zestaw nasadek 1\/2&quot; w kasecie, 8 mm - 32 mm - Biuro Techniczne Raczkowski Przemys\u0142aw\" \/>\n<meta property=\"og:description\" content=\"Zestaw nasadek 1\/2&quot; w kasecie, 8 mm - 32 mm\" \/>\n<meta property=\"og:url\" content=\"https:\/\/ebtr.pl\/index.php\/produkt\/zestaw-nasadek-1-2-w-kasecie-8-mm-32-mm-facom-sxl-dbox1\/\" \/>\n<meta property=\"og:site_name\" content=\"Biuro Techniczne Raczkowski Przemys\u0142aw\" \/>\n<meta property=\"article:publisher\" content=\"https:\/\/www.facebook.com\/BTRaczkowski\" \/>\n<meta property=\"article:modified_time\" content=\"2024-07-25T18:22:51+00:00\" \/>\n<meta property=\"og:image\" content=\"https:\/\/ebtr.pl\/wp-content\/uploads\/2023\/03\/sxldbox1.jpg\" \/>\n\t<meta property=\"og:image:width\" content=\"500\" \/>\n\t<meta property=\"og:image:height\" content=\"500\" \/>\n\t<meta property=\"og:image:type\" content=\"image\/jpeg\" \/>\n<meta name=\"twitter:card\" content=\"summary_large_image\" \/>\n<script type=\"application\/ld+json\" class=\"yoast-schema-graph\">{\"@context\":\"https:\/\/schema.org\",\"@graph\":[{\"@type\":\"WebPage\",\"@id\":\"https:\/\/ebtr.pl\/index.php\/produkt\/zestaw-nasadek-1-2-w-kasecie-8-mm-32-mm-facom-sxl-dbox1\/\",\"url\":\"https:\/\/ebtr.pl\/index.php\/produkt\/zestaw-nasadek-1-2-w-kasecie-8-mm-32-mm-facom-sxl-dbox1\/\",\"name\":\"FACOM SXL.DBOX1 - Zestaw nasadek 1\/2\\\" w kasecie, 8 mm - 32 mm - Biuro Techniczne Raczkowski Przemys\u0142aw\",\"isPartOf\":{\"@id\":\"https:\/\/ebtr.pl\/#website\"},\"primaryImageOfPage\":{\"@id\":\"https:\/\/ebtr.pl\/index.php\/produkt\/zestaw-nasadek-1-2-w-kasecie-8-mm-32-mm-facom-sxl-dbox1\/#primaryimage\"},\"image\":{\"@id\":\"https:\/\/ebtr.pl\/index.php\/produkt\/zestaw-nasadek-1-2-w-kasecie-8-mm-32-mm-facom-sxl-dbox1\/#primaryimage\"},\"thumbnailUrl\":\"https:\/\/ebtr.pl\/wp-content\/uploads\/2023\/03\/sxldbox1.jpg\",\"datePublished\":\"2023-03-25T17:31:52+00:00\",\"dateModified\":\"2024-07-25T18:22:51+00:00\",\"breadcrumb\":{\"@id\":\"https:\/\/ebtr.pl\/index.php\/produkt\/zestaw-nasadek-1-2-w-kasecie-8-mm-32-mm-facom-sxl-dbox1\/#breadcrumb\"},\"inLanguage\":\"pl-PL\",\"potentialAction\":[{\"@type\":\"ReadAction\",\"target\":[\"https:\/\/ebtr.pl\/index.php\/produkt\/zestaw-nasadek-1-2-w-kasecie-8-mm-32-mm-facom-sxl-dbox1\/\"]}]},{\"@type\":\"ImageObject\",\"inLanguage\":\"pl-PL\",\"@id\":\"https:\/\/ebtr.pl\/index.php\/produkt\/zestaw-nasadek-1-2-w-kasecie-8-mm-32-mm-facom-sxl-dbox1\/#primaryimage\",\"url\":\"https:\/\/ebtr.pl\/wp-content\/uploads\/2023\/03\/sxldbox1.jpg\",\"contentUrl\":\"https:\/\/ebtr.pl\/wp-content\/uploads\/2023\/03\/sxldbox1.jpg\",\"width\":500,\"height\":500},{\"@type\":\"BreadcrumbList\",\"@id\":\"https:\/\/ebtr.pl\/index.php\/produkt\/zestaw-nasadek-1-2-w-kasecie-8-mm-32-mm-facom-sxl-dbox1\/#breadcrumb\",\"itemListElement\":[{\"@type\":\"ListItem\",\"position\":1,\"name\":\"Strona g\u0142\u00f3wna\",\"item\":\"https:\/\/ebtr.pl\/\"},{\"@type\":\"ListItem\",\"position\":2,\"name\":\"Sklep\",\"item\":\"https:\/\/ebtr.pl\/?page_id=584\"},{\"@type\":\"ListItem\",\"position\":3,\"name\":\"FACOM SXL.DBOX1 &#8211; Zestaw nasadek 1\/2&#8243; w kasecie, 8 mm &#8211; 32 mm\"}]},{\"@type\":\"WebSite\",\"@id\":\"https:\/\/ebtr.pl\/#website\",\"url\":\"https:\/\/ebtr.pl\/\",\"name\":\"Biuro Techniczne Raczkowski Przemys\u0142aw\",\"description\":\"Z pasji do narz\u0119dzi, o narz\u0119dziach, narz\u0119dzia.\",\"publisher\":{\"@id\":\"https:\/\/ebtr.pl\/#organization\"},\"alternateName\":\"Biuro Techniczne\",\"potentialAction\":[{\"@type\":\"SearchAction\",\"target\":{\"@type\":\"EntryPoint\",\"urlTemplate\":\"https:\/\/ebtr.pl\/?s={search_term_string}\"},\"query-input\":\"required name=search_term_string\"}],\"inLanguage\":\"pl-PL\"},{\"@type\":\"Organization\",\"@id\":\"https:\/\/ebtr.pl\/#organization\",\"name\":\"BTR\",\"url\":\"https:\/\/ebtr.pl\/\",\"logo\":{\"@type\":\"ImageObject\",\"inLanguage\":\"pl-PL\",\"@id\":\"https:\/\/ebtr.pl\/#\/schema\/logo\/image\/\",\"url\":\"https:\/\/ebtr.pl\/wp-content\/uploads\/2023\/02\/cropped-logo_CB.png\",\"contentUrl\":\"https:\/\/ebtr.pl\/wp-content\/uploads\/2023\/02\/cropped-logo_CB.png\",\"width\":2048,\"height\":977,\"caption\":\"BTR\"},\"image\":{\"@id\":\"https:\/\/ebtr.pl\/#\/schema\/logo\/image\/\"},\"sameAs\":[\"https:\/\/www.facebook.com\/BTRaczkowski\",\"https:\/\/www.instagram.com\/btr_tools\/\"]}]}<\/script>\n<!-- \/ Yoast SEO plugin. -->","yoast_head_json":{"title":"FACOM SXL.DBOX1 - Zestaw nasadek 1\/2\" w kasecie, 8 mm - 32 mm - Biuro Techniczne Raczkowski Przemys\u0142aw","robots":{"index":"index","follow":"follow","max-snippet":"max-snippet:-1","max-image-preview":"max-image-preview:large","max-video-preview":"max-video-preview:-1"},"canonical":"https:\/\/ebtr.pl\/index.php\/produkt\/zestaw-nasadek-1-2-w-kasecie-8-mm-32-mm-facom-sxl-dbox1\/","og_locale":"pl_PL","og_type":"article","og_title":"FACOM SXL.DBOX1 - Zestaw nasadek 1\/2\" w kasecie, 8 mm - 32 mm - Biuro Techniczne Raczkowski Przemys\u0142aw","og_description":"Zestaw nasadek 1\/2\" w kasecie, 8 mm - 32 mm","og_url":"https:\/\/ebtr.pl\/index.php\/produkt\/zestaw-nasadek-1-2-w-kasecie-8-mm-32-mm-facom-sxl-dbox1\/","og_site_name":"Biuro Techniczne Raczkowski Przemys\u0142aw","article_publisher":"https:\/\/www.facebook.com\/BTRaczkowski","article_modified_time":"2024-07-25T18:22:51+00:00","og_image":[{"width":500,"height":500,"url":"https:\/\/ebtr.pl\/wp-content\/uploads\/2023\/03\/sxldbox1.jpg","type":"image\/jpeg"}],"twitter_card":"summary_large_image","schema":{"@context":"https:\/\/schema.org","@graph":[{"@type":"WebPage","@id":"https:\/\/ebtr.pl\/index.php\/produkt\/zestaw-nasadek-1-2-w-kasecie-8-mm-32-mm-facom-sxl-dbox1\/","url":"https:\/\/ebtr.pl\/index.php\/produkt\/zestaw-nasadek-1-2-w-kasecie-8-mm-32-mm-facom-sxl-dbox1\/","name":"FACOM SXL.DBOX1 - Zestaw nasadek 1\/2\" w kasecie, 8 mm - 32 mm - Biuro Techniczne Raczkowski Przemys\u0142aw","isPartOf":{"@id":"https:\/\/ebtr.pl\/#website"},"primaryImageOfPage":{"@id":"https:\/\/ebtr.pl\/index.php\/produkt\/zestaw-nasadek-1-2-w-kasecie-8-mm-32-mm-facom-sxl-dbox1\/#primaryimage"},"image":{"@id":"https:\/\/ebtr.pl\/index.php\/produkt\/zestaw-nasadek-1-2-w-kasecie-8-mm-32-mm-facom-sxl-dbox1\/#primaryimage"},"thumbnailUrl":"https:\/\/ebtr.pl\/wp-content\/uploads\/2023\/03\/sxldbox1.jpg","datePublished":"2023-03-25T17:31:52+00:00","dateModified":"2024-07-25T18:22:51+00:00","breadcrumb":{"@id":"https:\/\/ebtr.pl\/index.php\/produkt\/zestaw-nasadek-1-2-w-kasecie-8-mm-32-mm-facom-sxl-dbox1\/#breadcrumb"},"inLanguage":"pl-PL","potentialAction":[{"@type":"ReadAction","target":["https:\/\/ebtr.pl\/index.php\/produkt\/zestaw-nasadek-1-2-w-kasecie-8-mm-32-mm-facom-sxl-dbox1\/"]}]},{"@type":"ImageObject","inLanguage":"pl-PL","@id":"https:\/\/ebtr.pl\/index.php\/produkt\/zestaw-nasadek-1-2-w-kasecie-8-mm-32-mm-facom-sxl-dbox1\/#primaryimage","url":"https:\/\/ebtr.pl\/wp-content\/uploads\/2023\/03\/sxldbox1.jpg","contentUrl":"https:\/\/ebtr.pl\/wp-content\/uploads\/2023\/03\/sxldbox1.jpg","width":500,"height":500},{"@type":"BreadcrumbList","@id":"https:\/\/ebtr.pl\/index.php\/produkt\/zestaw-nasadek-1-2-w-kasecie-8-mm-32-mm-facom-sxl-dbox1\/#breadcrumb","itemListElement":[{"@type":"ListItem","position":1,"name":"Strona g\u0142\u00f3wna","item":"https:\/\/ebtr.pl\/"},{"@type":"ListItem","position":2,"name":"Sklep","item":"https:\/\/ebtr.pl\/?page_id=584"},{"@type":"ListItem","position":3,"name":"FACOM SXL.DBOX1 &#8211; Zestaw nasadek 1\/2&#8243; w kasecie, 8 mm &#8211; 32 mm"}]},{"@type":"WebSite","@id":"https:\/\/ebtr.pl\/#website","url":"https:\/\/ebtr.pl\/","name":"Biuro Techniczne Raczkowski Przemys\u0142aw","description":"Z pasji do narz\u0119dzi, o narz\u0119dziach, narz\u0119dzia.","publisher":{"@id":"https:\/\/ebtr.pl\/#organization"},"alternateName":"Biuro Techniczne","potentialAction":[{"@type":"SearchAction","target":{"@type":"EntryPoint","urlTemplate":"https:\/\/ebtr.pl\/?s={search_term_string}"},"query-input":"required name=search_term_string"}],"inLanguage":"pl-PL"},{"@type":"Organization","@id":"https:\/\/ebtr.pl\/#organization","name":"BTR","url":"https:\/\/ebtr.pl\/","logo":{"@type":"ImageObject","inLanguage":"pl-PL","@id":"https:\/\/ebtr.pl\/#\/schema\/logo\/image\/","url":"https:\/\/ebtr.pl\/wp-content\/uploads\/2023\/02\/cropped-logo_CB.png","contentUrl":"https:\/\/ebtr.pl\/wp-content\/uploads\/2023\/02\/cropped-logo_CB.png","width":2048,"height":977,"caption":"BTR"},"image":{"@id":"https:\/\/ebtr.pl\/#\/schema\/logo\/image\/"},"sameAs":["https:\/\/www.facebook.com\/BTRaczkowski","https:\/\/www.instagram.com\/btr_tools\/"]}]}},"uagb_featured_image_src":{"full":["https:\/\/ebtr.pl\/wp-content\/uploads\/2023\/03\/sxldbox1.jpg",500,500,false],"thumbnail":["https:\/\/ebtr.pl\/wp-content\/uploads\/2023\/03\/sxldbox1-150x150.jpg",150,150,true],"medium":["https:\/\/ebtr.pl\/wp-content\/uploads\/2023\/03\/sxldbox1-300x300.jpg",300,300,true],"medium_large":["https:\/\/ebtr.pl\/wp-content\/uploads\/2023\/03\/sxldbox1.jpg",500,500,false],"large":["https:\/\/ebtr.pl\/wp-content\/uploads\/2023\/03\/sxldbox1.jpg",500,500,false],"1536x1536":["https:\/\/ebtr.pl\/wp-content\/uploads\/2023\/03\/sxldbox1.jpg",500,500,false],"2048x2048":["https:\/\/ebtr.pl\/wp-content\/uploads\/2023\/03\/sxldbox1.jpg",500,500,false],"vp_sm":["https:\/\/ebtr.pl\/wp-content\/uploads\/2023\/03\/sxldbox1.jpg",500,500,false],"vp_md":["https:\/\/ebtr.pl\/wp-content\/uploads\/2023\/03\/sxldbox1.jpg",500,500,false],"vp_lg":["https:\/\/ebtr.pl\/wp-content\/uploads\/2023\/03\/sxldbox1.jpg",500,500,false],"vp_xl":["https:\/\/ebtr.pl\/wp-content\/uploads\/2023\/03\/sxldbox1.jpg",500,500,false],"vp_sm_popup":["https:\/\/ebtr.pl\/wp-content\/uploads\/2023\/03\/sxldbox1.jpg",500,500,false],"vp_md_popup":["https:\/\/ebtr.pl\/wp-content\/uploads\/2023\/03\/sxldbox1.jpg",500,500,false],"vp_xl_popup":["https:\/\/ebtr.pl\/wp-content\/uploads\/2023\/03\/sxldbox1.jpg",500,500,false],"woocommerce_thumbnail":["https:\/\/ebtr.pl\/wp-content\/uploads\/2023\/03\/sxldbox1-300x300.jpg",300,300,true],"woocommerce_single":["https:\/\/ebtr.pl\/wp-content\/uploads\/2023\/03\/sxldbox1.jpg",500,500,false],"woocommerce_gallery_thumbnail":["https:\/\/ebtr.pl\/wp-content\/uploads\/2023\/03\/sxldbox1-100x100.jpg",100,100,true]},"uagb_author_info":{"display_name":"admin","author_link":"https:\/\/ebtr.pl\/index.php\/author\/"},"uagb_comment_info":1,"uagb_excerpt":"Zestaw nasadek 1\/2\" w kasecie, 8 mm - 32 mm","_links":{"self":[{"href":"https:\/\/ebtr.pl\/index.php\/wp-json\/wp\/v2\/product\/737","targetHints":{"allow":["GET"]}}],"collection":[{"href":"https:\/\/ebtr.pl\/index.php\/wp-json\/wp\/v2\/product"}],"about":[{"href":"https:\/\/ebtr.pl\/index.php\/wp-json\/wp\/v2\/types\/product"}],"replies":[{"embeddable":true,"href":"https:\/\/ebtr.pl\/index.php\/wp-json\/wp\/v2\/comments?post=737"}],"wp:featuredmedia":[{"embeddable":true,"href":"https:\/\/ebtr.pl\/index.php\/wp-json\/wp\/v2\/media\/738"}],"wp:attachment":[{"href":"https:\/\/ebtr.pl\/index.php\/wp-json\/wp\/v2\/media?parent=737"}],"wp:term":[{"taxonomy":"product_cat","embeddable":true,"href":"https:\/\/ebtr.pl\/index.php\/wp-json\/wp\/v2\/product_cat?post=737"},{"taxonomy":"product_tag","embeddable":true,"href":"https:\/\/ebtr.pl\/index.php\/wp-json\/wp\/v2\/product_tag?post=737"}],"curies":[{"name":"wp","href":"https:\/\/api.w.org\/{rel}","templated":true}]}}